{"id":3422,"date":"2022-02-14T09:26:25","date_gmt":"2022-02-14T09:26:25","guid":{"rendered":"https:\/\/fondazioneprogettoperlavita.it\/?page_id=3422"},"modified":"2022-02-14T09:26:25","modified_gmt":"2022-02-14T09:26:25","slug":"news-casa-del-sorriso-rete-del-dono","status":"publish","type":"page","link":"https:\/\/fondazioneprogettoperlavita.it\/?page_id=3422","title":{"rendered":"news casa del sorriso rete del dono"},"content":{"rendered":"<h4 class=\"western\"><span style=\"color: #0f9cd8;\">ONLINE LA RACCOLTA FONDI&nbsp;<\/span><\/h4>\n<h2 class=\"western\"><span style=\"color: #0f9cd8;\"><b>Mettiamo le ruote alla Casa del Sorriso<\/b><\/span><\/h2>\n<h3 class=\"western\"><b>Il progetto di fundraising \u00e8 attivo anche sulla piattaforma online Rete del Dono<\/b><\/h3>\n<div id=\"pills-tabContent\" class=\"col-12 tab-content pl-4 pl-md-0\">\n<div id=\"story\" class=\"tab-pane fade show active\" role=\"tabpanel\" aria-labelledby=\"story-tab\">\n<div class=\"padding-right-30 pt-5\">\n<div class=\"col-12 medium-text dark-text pl-0\">\n<div class=\"pl-2 pl-md-0\">\n<div class=\"txt_full\">\n<p>&nbsp;<\/p>\n<p>Abbiamo un sogno: autonomia abitativa e vita indipendente per tanti giovani diversamente abili!!!<\/p>\n<p>Il sogno di ogni giovane \u00e8 quello di poter andare a vivere da soli. Rischia invece di essere un traguardo impossibile per le persone disabili! E invece vogliamo realizzare un luogo dove questo possa essere possibile, dove la sinergia fra Associazioni e Ente pubblico possa permettere a tanti ragazzi diversamente abili di realizzare il proprio desiderio.<\/p>\n<p>Grazie all&#8217;amministrazione comunale di Carpi, a breve, tre appartamenti, all&#8217;interno del nuovo Care residence che ospiter\u00e0 due centri diurni per anziani e 14 appartamenti \u201cassistititi\u201d per persone fragili ma autosufficienti, saranno messi a nostra disposizione per poter creare progetti individuali di autonomia abitativa e vita indipendente per tanti giovani diversamente abili in collaborazione con altre associazioni del territorio.<\/p>\n<p><strong>Casa del Sorriso sar\u00e0 un luogo dove sar\u00e0 possibile sperimentare l&#8217;uscita dal proprio contesto famigliare in modo graduale e dove per le famiglie sar\u00e0 possibile essere testimoni ed, nello stesso tempo, abituarsi all&#8217;indipendenza dei propri figli guardando al futuro con pi\u00f9 serenit\u00e0.<\/strong><\/p>\n<p>Gli appartamenti ci verranno consegnati dall&#8217;amministrazione completamente arredati salvo le cucine che stiamo riuscendo a realizzare grazie all&#8217;aiuto di tante aziende e amici del territorio.<\/p>\n<p><strong>Vorremmo per\u00f2 mettere a disposizione della struttura anche un mezzo di trasporto attrezzato per consentire gli spostamenti quotidiani!<br \/>\nPer questo chiediamo il vostro aiuto!!!!<\/strong><\/p>\n<p>Come puoi aiutarci:<br \/>\n&#8211; Dona <a href=\"https:\/\/www.retedeldono.it\/it\/progetti\/fondazione-progetto-per-la-vita\/4-ruote-per-casa-del-sorriso?fbclid=IwAR2aN8Scql4nKoLhZb4sGHLNdPx_OC-ystHtPRc_naJSleivGv2ECBByS80\">Qui ORA<\/a>!<br \/>\n&#8211; Diffondi questo link tra familiari, amici e colleghi e invitali a donare!<\/p>\n<p>Per maggiori informazioni sul progetto e sui metodi tradizionali di donazione <a href=\"https:\/\/fondazioneprogettoperlavita.it\/?page_id=3367\">CLICCA QUI<\/a><\/p>\n<\/div>\n<\/div>\n<\/div>\n<\/div>\n<\/div>\n<\/div>\n","protected":false},"excerpt":{"rendered":"<p>ONLINE LA RACCOLTA FONDI&nbsp; Mettiamo le ruote alla Casa del Sorriso Il progetto di fundraising \u00e8 attivo anche sulla piattaforma online Rete del Dono &nbsp; Abbiamo un sogno: autonomia abitativa e vita indipendente per tanti giovani diversamente abili!!! Il sogno di ogni giovane \u00e8 quello di poter andare a vivere da soli. Rischia invece di [&hellip;]<\/p>\n","protected":false},"author":6,"featured_media":0,"parent":0,"menu_order":0,"comment_status":"closed","ping_status":"closed","template":"","meta":{"ngg_post_thumbnail":0,"footnotes":""},"class_list":["post-3422","page","type-page","status-publish","hentry"],"_links":{"self":[{"href":"https:\/\/fondazioneprogettoperlavita.it\/index.php?rest_route=\/wp\/v2\/pages\/3422"}],"collection":[{"href":"https:\/\/fondazioneprogettoperlavita.it\/index.php?rest_route=\/wp\/v2\/pages"}],"about":[{"href":"https:\/\/fondazioneprogettoperlavita.it\/index.php?rest_route=\/wp\/v2\/types\/page"}],"author":[{"embeddable":true,"href":"https:\/\/fondazioneprogettoperlavita.it\/index.php?rest_route=\/wp\/v2\/users\/6"}],"replies":[{"embeddable":true,"href":"https:\/\/fondazioneprogettoperlavita.it\/index.php?rest_route=%2Fwp%2Fv2%2Fcomments&post=3422"}],"version-history":[{"count":1,"href":"https:\/\/fondazioneprogettoperlavita.it\/index.php?rest_route=\/wp\/v2\/pages\/3422\/revisions"}],"predecessor-version":[{"id":3423,"href":"https:\/\/fondazioneprogettoperlavita.it\/index.php?rest_route=\/wp\/v2\/pages\/3422\/revisions\/3423"}],"wp:attachment":[{"href":"https:\/\/fondazioneprogettoperlavita.it\/index.php?rest_route=%2Fwp%2Fv2%2Fmedia&parent=3422"}],"curies":[{"name":"wp","href":"https:\/\/api.w.org\/{rel}","templated":true}]}}