{"id":3388,"date":"2022-01-30T15:03:09","date_gmt":"2022-01-30T15:03:09","guid":{"rendered":"https:\/\/fondazioneprogettoperlavita.it\/?page_id=3388"},"modified":"2022-01-30T15:03:09","modified_gmt":"2022-01-30T15:03:09","slug":"informativa-privacy","status":"publish","type":"page","link":"https:\/\/fondazioneprogettoperlavita.it\/?page_id=3388","title":{"rendered":"Informativa Privacy"},"content":{"rendered":"<p><span style=\"font-family: Times New Roman, Times, serif;\"> <span style=\"font-family: Calibri, sans-serif;\"><span style=\"font-size: medium;\"><b>INFORMATIVA sul trattamento dei dati personali <\/b><\/span><\/span><\/span><\/p>\n<p class=\"western\" align=\"center\"><span style=\"font-family: Times New Roman, Times, serif;\"><span style=\"font-family: Calibri, sans-serif;\"><span style=\"font-size: medium;\"><i>(conformemente a quanto previsto dal D. Lgs. 30.6.2003 n. 196 e Regolamento UE 2016\/679)<\/i><\/span><\/span><\/span><\/p>\n<p class=\"western\" align=\"justify\"><span style=\"font-family: Times New Roman, Times, serif;\"><span style=\"font-family: Calibri, sans-serif;\"><span style=\"font-size: medium;\">Ai sensi e per gli effetti dell&#8217;art 13 del D. Lgs. 196\/2003, recante il Codice in materia di protezione dei dati personali (c.d. Codice Privacy) e dal Regolamento UE 2016\/679 la Fondazione progetto per la vita Onlus in qualit\u00e0 di titolare del trattamento, informa che i dati personali acquisiti saranno oggetto di trattamento nel rispetto della normativa sopra richiamata e in particolare per i fini istituzionali della Fondazione.<\/span><\/span><\/span><\/p>\n<p class=\"western\" align=\"justify\"><span style=\"font-family: Times New Roman, Times, serif;\"><span style=\"font-family: Calibri, sans-serif;\"><span style=\"font-size: medium;\">In relazione al suddetto trattamento l\u2019associazione fornisce le seguenti informazioni:<\/span><\/span><\/span><\/p>\n<p class=\"western\" align=\"justify\"><span style=\"font-family: Calibri, sans-serif;\"><span style=\"font-size: medium;\"><b>1. Tipologie di dati raccolti<\/b><\/span><\/span><\/p>\n<p class=\"western\" align=\"justify\"><span style=\"font-family: Times New Roman, Times, serif;\"><span style=\"font-family: Calibri, sans-serif;\"><span style=\"font-size: medium;\">I dati personali <\/span><\/span><span style=\"font-family: Calibri, sans-serif;\"><span style=\"font-size: medium;\"><b>comuni<\/b><\/span><\/span><span style=\"font-family: Calibri, sans-serif;\"><span style=\"font-size: medium;\"> raccolti e trattati dalla scrivente rientrano nella categoria dei dati identificativi (in particolare a titolo esemplificativo e non esaustivo: nominativo, indirizzo, numero di telefono, codice fiscale, et\u00e0, sesso, luogo e data di nascita, indirizzo e-mail)<\/span><\/span><\/span><\/p>\n<p class=\"western\" align=\"justify\"><span style=\"font-family: Times New Roman, Times, serif;\"><span style=\"font-family: Calibri, sans-serif;\"><span style=\"font-size: medium;\"><b>2. Finalit\u00e0 del trattamento e interesse legittimo dell\u2019ente al trattamento dei dati<\/b><\/span><\/span><\/span><\/p>\n<p class=\"western\" align=\"justify\"><span style=\"font-family: Times New Roman, Times, serif;\"><span style=\"font-family: Calibri, sans-serif;\"><span style=\"font-size: medium;\">La Fondazione tratta i dati raccolti al fine di realizzare le sue finalit\u00e0 isituzionali come previste dallo statuto e in particolare per permettere agli associati, ai beneficiari delle attivit\u00e0 e a coloro che hanno contati stabili con la Fondazione <\/span><\/span><\/span><\/p>\n<ol type=\"a\">\n<li>\n<p class=\"western\" align=\"justify\"><span style=\"font-family: Times New Roman, Times, serif;\"><span style=\"font-family: Calibri, sans-serif;\"><span style=\"font-size: medium;\">la partecipazione alla vita associativa (a titolo esemplificativo convocazione alle assemblee, esercizio dei diritti e doveri degli associati, adempimento obblighi assicurativi, pagamento della quota sociale etc)<\/span><\/span><\/span><\/p>\n<\/li>\n<li>\n<p class=\"western\" align=\"justify\"><span style=\"font-family: Times New Roman, Times, serif;\"><span style=\"font-family: Calibri, sans-serif;\"><span style=\"font-size: medium;\">la partecipazione alle attivit\u00e0 organizzate dalla stessa <\/span><\/span><\/span><\/p>\n<\/li>\n<li>\n<p class=\"western\" align=\"justify\"><span style=\"font-family: Times New Roman, Times, serif;\"><span style=\"font-family: Calibri, sans-serif;\"><span style=\"font-size: medium;\">la possibilit\u00e0 di ricevere informazioni sulle attivit\u00e0 dell\u2019associazione e di sotenerla attraverso donazioni.<\/span><\/span><\/span><\/p>\n<\/li>\n<\/ol>\n<p class=\"western\" align=\"justify\"><span style=\"font-family: Calibri, sans-serif;\"><span style=\"font-size: medium;\"><b>3. Modalit\u00e0 del trattamento<\/b><\/span><\/span><\/p>\n<p class=\"western\" align=\"justify\"><span style=\"font-family: Times New Roman, Times, serif;\"><span style=\"font-family: Calibri, sans-serif;\"><span style=\"font-size: medium;\">Il trattamento \u00e8 realizzato a mezzo delle operazioni o complesso di operazioni indicate all\u2019art. 4 comma 1 lett. a) del Codice Privacy: raccolta, registrazione, organizzazione, conservazione, consultazione, elaborazione, modificazione, selezione, estrazione, raffronto, utilizzo, interconnessione, blocco, comunicazione, cancellazione e distruzione dei dati. Le operazioni possono essere svolte con o senza l\u2019ausilio di strumenti elettronici o comunque automatizzati.<\/span><\/span><\/span><\/p>\n<p class=\"western\" align=\"justify\"><span style=\"font-family: Calibri, sans-serif;\"><span style=\"font-size: medium;\">Il trattamento \u00e8 svolto dal titolare e\/o dai responsabili e\/o dagli incaricati al trattamento. <\/span><\/span><\/p>\n<p class=\"western\" align=\"justify\"><span style=\"font-family: Times New Roman, Times, serif;\"><span style=\"font-family: Calibri, sans-serif;\"><span style=\"font-size: medium;\">Il trattamento dei dati personali avviene nel rispetto della normativa vigente in materia e in modo da garantire la sicurezza e la riservatezza dei dati stessi.<\/span><\/span><\/span><\/p>\n<p class=\"western\" align=\"justify\"><span style=\"font-family: Times New Roman, Times, serif;\"><span style=\"font-family: Calibri, sans-serif;\"><span style=\"font-size: medium;\">Il presente trattamento avr\u00e0 una durata pari a quella del suo rapporto con la Fondazione. Al termine del suo rapporto con la Fondazione i dati potranno essere conservati negli archivi per un ulteriore periodo di cinque anni.<\/span><\/span><\/span><\/p>\n<p class=\"western\" align=\"justify\"><span style=\"font-family: Calibri, sans-serif;\"><span style=\"font-size: medium;\"><b>4. Conferimento dei dati<\/b><\/span><\/span><\/p>\n<p class=\"western\" align=\"justify\"><span style=\"font-family: Times New Roman, Times, serif;\"><span style=\"font-family: Calibri, sans-serif;\"><span style=\"font-size: medium;\">Il conferimento di dati personali \u00e8 strettamente necessario ai fini dello svolgimento delle attivit\u00e0 di cui al punto 2 lettere a e b.<\/span><\/span><\/span><\/p>\n<p class=\"western\" align=\"justify\"><span style=\"font-family: Times New Roman, Times, serif;\"><span style=\"font-family: Calibri, sans-serif;\"><span style=\"font-size: medium;\">Qualora non siate interessati a ricevere informazioni sulle attivit\u00e0 associative potete segnalarlo nell\u2019ambito della manifestazione del consenso.<\/span><\/span><\/span><\/p>\n<p class=\"western\" align=\"justify\"><span style=\"font-family: Calibri, sans-serif;\"><span style=\"font-size: medium;\"><b>5. Rifiuto al conferimento<\/b><\/span><\/span><\/p>\n<p class=\"western\" align=\"justify\"><span style=\"font-family: Times New Roman, Times, serif;\"><span style=\"font-family: Calibri, sans-serif;\"><span style=\"font-size: medium;\">Il conferimento dei dati per diventare socio della Fondazione,partecipare alle attivit\u00e0e fruire dei servizi \u00e8 da ritenersi obbligatorio. <\/span><\/span><\/span><\/p>\n<p class=\"western\" align=\"justify\"><span style=\"font-family: Times New Roman, Times, serif;\"><span style=\"font-family: Calibri, sans-serif;\"><span style=\"font-size: medium;\">L\u2019eventuale rifiuto a fornire i dati per tali finalit\u00e0 determiner\u00e0 l\u2019impossibilit\u00e0 di svolgere queste attivit\u00e0..<\/span><\/span><\/span><\/p>\n<p class=\"western\" align=\"justify\"><span style=\"font-family: Times New Roman, Times, serif;\"><span style=\"font-family: Calibri, sans-serif;\"><span style=\"font-size: medium;\">Il consenso al trattamento dati potr\u00e0 essere revocato in ogni momento.<\/span><\/span><\/span><\/p>\n<p class=\"western\" align=\"justify\"><span style=\"font-family: Calibri, sans-serif;\"><span style=\"font-size: medium;\"><b>6. Comunicazione dei dati a terzi<\/b><\/span><\/span><\/p>\n<p class=\"western\" align=\"justify\"><span style=\"font-family: Times New Roman, Times, serif;\"><span style=\"font-family: Calibri, sans-serif;\"><span style=\"font-size: medium;\">I dati possono venire a conoscenza degli incaricati del trattamento e saranno comunicati, esclusivamente per le finalit\u00e0 di cui al punto 1, a:<\/span><\/span><\/span><\/p>\n<p class=\"western\" align=\"justify\"><span style=\"font-family: Calibri, sans-serif;\"><span style=\"font-size: medium;\">Professionisti e consulenti, in particolare soggetti che forniscono servizi per la gestione del sistema informativo e delle reti di telecomunicazioni (compresa la posta elettronica);<\/span><\/span><\/p>\n<p class=\"western\" align=\"justify\"><span style=\"font-family: Times New Roman, Times, serif;\"><span style=\"font-family: Calibri, sans-serif;\"><span style=\"font-size: medium;\">Enti Pubblici e privati, anche a seguito di ispezioni o verifiche come, ad esempio: Amministrazione Finanziaria, Organi di Polizia Tributaria, Autorit\u00e0 Giudiziarie, Ufficio italiano Cambi, Ispettorato del Lavoro, ASL, Enti Previdenziali, ENASARCO, Camera di Commercio, etc.;<\/span><\/span><\/span><\/p>\n<p class=\"western\" align=\"justify\"><span style=\"font-family: Times New Roman, Times, serif;\"><span style=\"font-family: Calibri, sans-serif;\"><span style=\"font-size: medium;\">Soggetti che possono accedervi in forza di disposizione di legge;<\/span><\/span><\/span><\/p>\n<p class=\"western\" align=\"justify\"><span style=\"font-family: Times New Roman, Times, serif;\"><span style=\"font-family: Calibri, sans-serif;\"><span style=\"font-size: medium;\">enti pubblici o privati con cui la fondazione collabora per la realizzazione di specifici progetti.<\/span><\/span><\/span><\/p>\n<p class=\"western\" align=\"justify\"><span style=\"font-family: Times New Roman, Times, serif;\"><span style=\"font-family: Calibri, sans-serif;\"><span style=\"font-size: medium;\">Nonch\u00e9 ai dipendenti degli stessi e ai soggetti incaricati dagli stessi per l\u2019erogazione dei servizi, comunque tenuti ai doveri e agli obblighi di riservatezza professionale.<\/span><\/span><\/span><\/p>\n<p class=\"western\" align=\"justify\"><span style=\"font-family: Calibri, sans-serif;\"><span style=\"font-size: medium;\"><b>7. Diffusione dei dati<\/b><\/span><\/span><\/p>\n<p class=\"western\" align=\"justify\"><span style=\"font-family: Times New Roman, Times, serif;\"><span style=\"font-family: Calibri, sans-serif;\"><span style=\"font-size: medium;\">I dati raccolti non sono soggetti a diffusione.<\/span><\/span><\/span><\/p>\n<p class=\"western\" align=\"justify\"><span style=\"font-family: Calibri, sans-serif;\"><span style=\"font-size: medium;\">Tutti i dati da Lei conferiti e\/o acquisisti non saranno mai trattati al fine di realizzare un processo decisionale automatizzato (c.d. profilazione).<\/span><\/span><\/p>\n<p class=\"western\" align=\"justify\"><span style=\"font-family: Calibri, sans-serif;\"><span style=\"font-size: medium;\"><b>8. Trasferimento dei dati all\u2019estero<\/b><\/span><\/span><\/p>\n<p class=\"western\" align=\"justify\"><span style=\"font-family: Times New Roman, Times, serif;\"><span style=\"font-family: Calibri, sans-serif;\"><span style=\"font-size: medium;\">I dati raccolti potranno essere trasferiti ad altri paesi da noi o da nostri agenti allo scopo di assolvere agli obblighi contrattuali e dagli adempimenti obbligatori di comunicazione intra-gruppo e\/o franchising, nel pieno rispetto degli art. dal 44 e s.s. del GDPR 2016\/679, o per motivi esclusivamente tecnici legati alla struttura del Sistema Informativo aziendale e\/o all\u2019applicazione di misure di sicurezza tecniche e organizzative ritenute idonee dal Titolare (cit. art. 32 GDPR 2016\/679) .<\/span><\/span><\/span><\/p>\n<p class=\"western\" align=\"justify\"><span style=\"font-family: Calibri, sans-serif;\"><span style=\"font-size: medium;\"><b>9. Diritti dell\u2019interessato<\/b><\/span><\/span><\/p>\n<p class=\"western\" align=\"justify\"><span style=\"font-family: Times New Roman, Times, serif;\"><span style=\"font-family: Calibri, sans-serif;\"><span style=\"font-size: medium;\">L\u2019art. 7 Codice Privacy conferisce all\u2019interessato l\u2019esercizio di specifici diritti, tra cui quello di ottenere dal titolare la conferma dell\u2019esistenza o meno di propri dati personali e la loro messa a disposizione in forma intelligibile; l\u2019interessato ha diritto di avere conoscenza dell\u2019origine dei dati, della finalit\u00e0 e delle modalit\u00e0 del trattamento, della logica applicata al trattamento, degli estremi identificativi del titolare e dei soggetti a cui i dati possono essere comunicati; l\u2019interessato ha inoltre diritto di ottenere l\u2019aggiornamento, la rettificazione e l\u2019integrazione dei dati, la cancellazione, la trasformazione in forma anonima o il blocco dei dati trattati in violazione della legge; il titolare ha il diritto di opporsi, per motivi legittimi, al trattamento dei dati.<\/span><\/span><\/span><\/p>\n<p class=\"western\" align=\"justify\"><span style=\"font-family: Times New Roman, Times, serif;\"><span style=\"font-family: Calibri, sans-serif;\"><span style=\"font-size: medium;\">L\u2019interessato inoltre ha il diritto alla portabilit\u00e0 dei dati (art. 20 REG. UE 679\/2016) e ha il diritto di venire a conoscenza, da parte del Titolare, che deve provvedere in tal senso senza giustificato ritardo, di una violazione dei dati personali suscettibile di presentare un rischio elevato per i diritti e le libert\u00e0 delle persone fisiche (art. 34 REG. UE 679\/2016).<\/span><\/span><\/span><\/p>\n<p class=\"western\" align=\"justify\"><span style=\"font-family: Times New Roman, Times, serif;\"><span style=\"font-family: Calibri, sans-serif;\"><span style=\"font-size: medium;\">L\u2019Interessato ha diritto di rivolgersi&nbsp;<\/span><\/span>al<span style=\"font-family: Calibri, sans-serif;\"><span style=\"font-size: medium;\">&nbsp;Garante per la protezione dei dati per lamentare una violazione della disciplina in materia di protezione dei dati personali (art. 141, comma 1, lett. a) del Codice&nbsp;<\/span><\/span>Privacy<span style=\"font-family: Calibri, sans-serif;\"><span style=\"font-size: medium;\">) e di richiedere una verifica dell&#8217;<\/span><\/span>Autorit\u00e0<span style=\"font-family: Calibri, sans-serif;\"><span style=\"font-size: medium;\">.<\/span><\/span><\/span><\/p>\n<p class=\"western\" align=\"justify\"><span style=\"font-family: Times New Roman, Times, serif;\"><span style=\"font-family: Calibri, sans-serif;\"><span style=\"font-size: medium;\">Il reclamante potr\u00e0 far pervenire l&#8217;atto utilizzando la modalit\u00e0 che ritiene pi\u00f9 opportuna, consegnandolo a mano presso gli uffici del Garante (all&#8217;indirizzo di seguito indicato) o mediante l&#8217;inoltro di:<\/span><\/span><\/span><\/p>\n<p class=\"western\" align=\"justify\"><span style=\"font-family: Calibri, sans-serif;\"><span style=\"font-size: medium;\">a) raccomandata A\/R indirizzata a Garante per la protezione dei dati personali, Piazza di Monte Citorio, 121 00186 Roma;<\/span><\/span><\/p>\n<p class=\"western\" align=\"justify\"><span style=\"font-family: Calibri, sans-serif;\"><span style=\"font-size: medium;\">b) e-mail all&#8217;indirizzo: garante@gpdp.it, oppure protocollo@pec.gpdp.it;<\/span><\/span><\/p>\n<p class=\"western\" align=\"justify\"><span style=\"font-family: Calibri, sans-serif;\"><span style=\"font-size: medium;\">c) fax al numero: 06\/69677.3785.<\/span><\/span><\/p>\n<p class=\"western\" align=\"justify\"><span style=\"font-family: Times New Roman, Times, serif;\"><span style=\"font-family: Calibri, sans-serif;\"><span style=\"font-size: medium;\">Ulteriori informazioni in ordine al trattamento ed alla comunicazione di dati personali forniti direttamente o altrimenti acquisiti, potranno essere richieste al <\/span><\/span><span style=\"font-family: Calibri, sans-serif;\"><span style=\"font-size: medium;\"><b>Titolare del trattamento<\/b><\/span><\/span><span style=\"font-family: Calibri, sans-serif;\"><span style=\"font-size: medium;\">, presso la sede della societ\u00e0.<\/span><\/span><\/span><\/p>\n<p class=\"western\" align=\"justify\"><span style=\"font-family: Times New Roman, Times, serif;\"><span style=\"font-family: Calibri, sans-serif;\"><span style=\"font-size: medium;\">Nell\u2019ipotesi in cui i dati personali conferiti debbano essere trattati per finalit\u00e0 diverse ed ulteriori rispetto a quelle sopra indicate, il Titolare Le fornir\u00e0 informazioni in merito a tale diversa finalit\u00e0 ed ogni ulteriore informazione pertinente.<\/span><\/span><\/span><\/p>\n<p class=\"western\" align=\"justify\"><span style=\"font-family: Calibri, sans-serif;\"><span style=\"font-size: medium;\"><b>10. Titolare del trattamento<\/b><\/span><\/span><\/p>\n<p class=\"western\"><span style=\"font-family: Times New Roman, Times, serif;\"><span style=\"font-family: Calibri, sans-serif;\"><span style=\"font-size: medium;\">Il Titolare del trattamento dei dati \u00e8 <\/span><\/span><\/span><\/p>\n<p class=\"western\" align=\"justify\"><span style=\"font-family: Times New Roman, Times, serif;\"><span style=\"font-family: Calibri, sans-serif;\"><span style=\"font-size: medium;\">Fondazione progetto per lavita onlus Via Peruzzi 22<\/span><\/span><\/span><\/p>\n<p class=\"western\" align=\"justify\"><span style=\"font-family: Calibri, sans-serif;\"><span style=\"font-size: medium;\">41012 Carpi <\/span><\/span><\/p>\n<p class=\"western\" align=\"justify\"><span style=\"font-family: Times New Roman, Times, serif;\"><span style=\"font-family: Calibri, sans-serif;\"><span style=\"font-size: medium;\">c.f: 90035960369<\/span><\/span><\/span><\/p>\n<p class=\"western\" align=\"justify\"><span style=\"font-family: Times New Roman, Times, serif;\"><span style=\"font-family: Calibri, sans-serif;\"><span style=\"font-size: medium;\">Email: info@fondazioneprogettoperlavita.it<\/span><\/span><\/span><\/p>\n<p class=\"western\" align=\"justify\"><span style=\"font-family: Times New Roman, Times, serif;\"><span style=\"font-family: Calibri, sans-serif;\"><span style=\"font-size: medium;\">pec: <a href=\"mailto:fondazionedopodinoicarpi@legalmail.it\">fondazionedopodinoicarpi@legalmail.it<\/a><\/span><\/span><\/span><\/p>\n<p class=\"western\" align=\"justify\"><span style=\"font-family: Times New Roman, Times, serif;\"><span style=\"font-family: Calibri, sans-serif;\"><span style=\"font-size: medium;\">Per esercitare i diritti previsti all\u2019art. 7 del D. Lgs. 196\/03, sopra elencati, l\u2019Interessato dovr\u00e0 rivolgere richiesta scritta mediante i suddetti canali.<\/span><\/span><\/span><\/p>\n<p class=\"western\" align=\"justify\"><span style=\"font-family: Calibri, sans-serif;\"><span style=\"font-size: medium;\"><b>11. Definizioni<\/b><\/span><\/span><\/p>\n<p class=\"western\"><span style=\"font-family: Times New Roman, Times, serif;\"><span style=\"font-family: Calibri, sans-serif;\"><span style=\"font-size: medium;\"><i>DATO PERSONALE:<\/i><\/span><\/span><span style=\"font-family: Calibri, sans-serif;\"><span style=\"font-size: medium;\"> \u201cqualunque informazione relativa a persona fisica, giuridica, ente o associazione, identificati o identificabili, anche indirettamente, mediante riferimento a qualsiasi altra informazione, ivi compreso un numero di identificazione personale;<\/span><\/span><\/span><\/p>\n<p class=\"western\"><span style=\"font-family: Times New Roman, Times, serif;\"><span style=\"font-family: Calibri, sans-serif;\"><span style=\"font-size: medium;\"><i>DATO SENSIBILE:<\/i><\/span><\/span><span style=\"font-family: Calibri, sans-serif;\"><span style=\"font-size: medium;\"> \u201cdato personale idoneo a rilevare l\u2019origine razziale ed etnica, le convinzioni religiose, filosofiche o di altro genere, le opinioni politiche, l\u2019adesione a partiti, sindacati, associazioni o organizzazioni a carattere religioso, filosofico, politico o sindacale, nonch\u00e9 i dati personali idonei a rilevare lo stato di salute e la vita sessuale\u201d;<\/span><\/span><\/span><\/p>\n<p class=\"western\"><span style=\"font-family: Times New Roman, Times, serif;\"><span style=\"font-family: Calibri, sans-serif;\"><span style=\"font-size: medium;\"><i>TRATTAMENTO:<\/i><\/span><\/span><span style=\"font-family: Calibri, sans-serif;\"><span style=\"font-size: medium;\"> \u201cqualunque operazione o complesso di operazioni, svolti con o senza l\u2019ausilio di mezzi elettronici o comunque automatizzati, concernenti la raccolta, la registrazione, l\u2019organizzazione, la conservazione, l\u2019elaborazione, la modificazione, la selezione, l\u2019estrazione, il raffronto, l\u2019utilizzo, l\u2019interconnessione, il blocco, la comunicazione, la diffusione, la cancellazione e la distruzione di dati\u201d;<\/span><\/span><\/span><\/p>\n<p class=\"western\"><span style=\"font-family: Times New Roman, Times, serif;\"><span style=\"font-family: Calibri, sans-serif;\"><span style=\"font-size: medium;\"><i>COMUNICAZIONE:<\/i><\/span><\/span><span style=\"font-family: Calibri, sans-serif;\"><span style=\"font-size: medium;\"> \u201cil dare conoscenza dei dati personali a uno o pi\u00f9 soggetti determinati diversi dall\u2019interessato, in qualunque forma anche mediante la loro messa a disposizione o consultazione\u201d<\/span><\/span><\/span><\/p>\n<p class=\"western\" align=\"justify\"><span style=\"font-family: Times New Roman, Times, serif;\"><span style=\"font-family: Calibri, sans-serif;\"><span style=\"font-size: medium;\">Carpi, l\u00ec ____________________ <\/span><\/span><\/span><\/p>\n<p class=\"western\" align=\"justify\"><span style=\"font-family: Calibri, sans-serif;\"><span style=\"font-size: medium;\">Firma per presa visione<\/span><\/span><\/p>\n<p class=\"western\" align=\"justify\"><span style=\"font-family: Calibri, sans-serif;\"><span style=\"font-size: medium;\">_________________________<\/span><\/span><\/p>\n","protected":false},"excerpt":{"rendered":"<p>INFORMATIVA sul trattamento dei dati personali (conformemente a quanto previsto dal D. Lgs. 30.6.2003 n. 196 e Regolamento UE 2016\/679) Ai sensi e per gli effetti dell&#8217;art 13 del D. Lgs. 196\/2003, recante il Codice in materia di protezione dei dati personali (c.d. Codice Privacy) e dal Regolamento UE 2016\/679 la Fondazione progetto per la [&hellip;]<\/p>\n","protected":false},"author":6,"featured_media":0,"parent":0,"menu_order":0,"comment_status":"closed","ping_status":"closed","template":"","meta":{"ngg_post_thumbnail":0,"footnotes":""},"class_list":["post-3388","page","type-page","status-publish","hentry"],"_links":{"self":[{"href":"https:\/\/fondazioneprogettoperlavita.it\/index.php?rest_route=\/wp\/v2\/pages\/3388"}],"collection":[{"href":"https:\/\/fondazioneprogettoperlavita.it\/index.php?rest_route=\/wp\/v2\/pages"}],"about":[{"href":"https:\/\/fondazioneprogettoperlavita.it\/index.php?rest_route=\/wp\/v2\/types\/page"}],"author":[{"embeddable":true,"href":"https:\/\/fondazioneprogettoperlavita.it\/index.php?rest_route=\/wp\/v2\/users\/6"}],"replies":[{"embeddable":true,"href":"https:\/\/fondazioneprogettoperlavita.it\/index.php?rest_route=%2Fwp%2Fv2%2Fcomments&post=3388"}],"version-history":[{"count":1,"href":"https:\/\/fondazioneprogettoperlavita.it\/index.php?rest_route=\/wp\/v2\/pages\/3388\/revisions"}],"predecessor-version":[{"id":3389,"href":"https:\/\/fondazioneprogettoperlavita.it\/index.php?rest_route=\/wp\/v2\/pages\/3388\/revisions\/3389"}],"wp:attachment":[{"href":"https:\/\/fondazioneprogettoperlavita.it\/index.php?rest_route=%2Fwp%2Fv2%2Fmedia&parent=3388"}],"curies":[{"name":"wp","href":"https:\/\/api.w.org\/{rel}","templated":true}]}}