{"id":1094,"date":"2017-08-25T15:03:17","date_gmt":"2017-08-25T15:03:17","guid":{"rendered":"http:\/\/www.fondazioneprogettoperlavita.it\/?page_id=1094"},"modified":"2022-01-30T15:14:58","modified_gmt":"2022-01-30T15:14:58","slug":"sostienici","status":"publish","type":"page","link":"https:\/\/fondazioneprogettoperlavita.it\/?page_id=1094","title":{"rendered":"sostienici"},"content":{"rendered":"\n<div class=\"wp-block-image\"><figure class=\"aligncenter size-full\"><div style=\"margin-top: -10px; margin-right:-60px; margin-left:-60px; padding:0px\"><img loading=\"lazy\" decoding=\"async\" width=\"2560\" height=\"667\" src=\"http:\/\/www.fondazioneprogettoperlavita.it\/wp-content\/uploads\/2021\/04\/banner_donazioni-scaled.jpg\" alt=\"\" class=\"wp-image-2789\" srcset=\"https:\/\/fondazioneprogettoperlavita.it\/wp-content\/uploads\/2021\/04\/banner_donazioni-scaled.jpg 2560w, https:\/\/fondazioneprogettoperlavita.it\/wp-content\/uploads\/2021\/04\/banner_donazioni-300x78.jpg 300w, https:\/\/fondazioneprogettoperlavita.it\/wp-content\/uploads\/2021\/04\/banner_donazioni-1024x267.jpg 1024w, https:\/\/fondazioneprogettoperlavita.it\/wp-content\/uploads\/2021\/04\/banner_donazioni-768x200.jpg 768w, https:\/\/fondazioneprogettoperlavita.it\/wp-content\/uploads\/2021\/04\/banner_donazioni-1536x400.jpg 1536w, https:\/\/fondazioneprogettoperlavita.it\/wp-content\/uploads\/2021\/04\/banner_donazioni-2048x534.jpg 2048w, https:\/\/fondazioneprogettoperlavita.it\/wp-content\/uploads\/2021\/04\/banner_donazioni-900x234.jpg 900w, https:\/\/fondazioneprogettoperlavita.it\/wp-content\/uploads\/2021\/04\/banner_donazioni-600x156.jpg 600w\" sizes=\"(max-width: 2560px) 100vw, 2560px\" \/><\/div><\/figure><\/div>\n\n\n<div id=\"content\">\n<h3>&nbsp;<\/h3>\n<h2><span style=\"color: #0f9cd8;\">SCEGLI COME SOSTENERE I NOSTRI PROGETTI<\/span><\/h2>\n<h3>&nbsp;<\/h3>\n<h3><strong><span style=\"color: #0f9cd8;\">DONA CON BONIFICO BANCARIO<\/span><\/strong><\/h3>\n<p><strong>IBAN IT 40 Y 08509 23301 016009412098<\/strong><br><strong>BANCA CENTRO EMILIA CREDITO COOPERATIVO<\/strong><br>Via F. D. Roosevelt, 38 &#8211; 41012 Carpi (MO)<\/p>\n<p>oppure<\/p>\n<p><strong>IBAN: IT 18 D 02008 23313 000104318130<br>BANCA UNICREDIT<br><\/strong>Via Manzoni, 64 &#8211; 41012 Carpi (MO)<\/p>\n<h3>&nbsp;<\/h3>\n<h3><span style=\"color: #0f9cd8;\"><strong>DONA IL TUO 5&#215;1000<\/strong><\/span><\/h3>\n<p>Aiuta la Fondazione donando il tuo 5&#215;1000. <strong>inserisci il nostro codice fiscale nella dichiarazione dei redditi<\/strong>.<br>C.F. 90035960369<\/p>\n<h3>&nbsp;<\/h3>\n<h3><span style=\"color: #0f9cd8;\"><strong>DONA CON LE EROGAZIONI LIBERALI<\/strong><\/span><\/h3>\n<p><strong>Le erogazioni liberali<\/strong> a favore della Fondazione, in quanto Onlus, eseguiti a mezzo banca, posta assegno o carta di credito <strong>sono detraibili (o deducibili) dalla dichiarazione dei redditi annuale<\/strong>, secondo le seguenti modalit\u00e0:<\/p>\n<p>&#8211; per i privati soggetti all&#8217;imposta sul reddito delle persone fisiche, sono detraibili dall&#8217;imposta lorda nella misura del 24% per il 2013,e del 26% a decorrere dal 2014 dell&#8217;importo della donazione non superiore a \u20ac 2.065,00 (art. 15 c. 1.1 TUIR 917\/86)<br>&#8211; per le imprese soggette all&#8217;imposta sul reddito delle societ\u00e0, sono deducibili per un importo non superiore a \u20ac 2.065,83 o al 2% del reddito delle imprese (art. 100 c 2 lett. b) TUIR 917\/86)<\/p>\n<p>Oppure in alternativa:<br>&#8211; per privati e imprese le liberalit\u00e0 in denaro o in natura sono deducibili dal reddito complessivo nel limite del 10% del reddito complessivo dichiarato, comunque nella misura massima di \u20ac70.000 annui. (art. 14 c. i Dl 35\/05)<\/p>\n<p>\u00c8 sufficiente conservare la ricevuta bancaria o postale dell&#8217;avvenuto versamento da presentare al momento della presentazione del modello unico.<br>Per le imprese possono essere detratte dalle imposte o dedotte dal reddito anche le donazioni in merci.<\/p>\n<h3>&nbsp;<\/h3>\n<h3><span style=\"color: #0f9cd8;\"><strong>DONAZIONI E LASCITI TESTAMENTARI<\/strong><\/span><\/h3>\n<p><strong>La Fondazione pu\u00f2 essere la destinataria di donazioni o lasciti di beni immobili da utilizzare per la realizzazione dei suoi scopi istituzionali<\/strong>; in questo caso \u00e8 esente dall&#8217;iva, da imposte di successione o donazione, nonch\u00e9 da imposte ipotecarie, catastali e dall&#8217;imposta di bollo.<\/p>\n<h3>&nbsp;<\/h3>\n<h3><span style=\"color: #0f9cd8;\"><strong>DONAZIONI MODALI<\/strong><\/span><\/h3>\n<p><strong>Eventuali donazioni alla Fondazione possono anche essere vincolate da un onere a carico della Fondazione<\/strong> stessa: per esempio la donazione di un appartamento pu\u00f2 essere vincolata al fatto che nello stesso o in una equivalente sistemazione abitativa possa risiedere un congiunto del donante.<br>Nel rispetto dell&#8217;universalismo che anima le attivit\u00e0 della Fondazione, la stessa cercher\u00e0 di valorizzare e attivare il pi\u00f9 possibile le disponibilit\u00e0 delle singole famiglie che desiderano garantire ai propri cari un&#8217;adeguata sistemazione abitativa e gli strumenti migliori per una vita autonoma.<\/p>\n<p>&nbsp;<\/p>\n<\/div>\n\n\n<div class=\"wp-block-columns is-layout-flex wp-container-core-columns-is-layout-1 wp-block-columns-is-layout-flex\">\n<div class=\"wp-block-column is-layout-flow wp-block-column-is-layout-flow\" style=\"flex-basis:66.66%\">\n<figure class=\"wp-block-image size-large\"><img loading=\"lazy\" decoding=\"async\" width=\"1024\" height=\"578\" src=\"http:\/\/www.fondazioneprogettoperlavita.it\/wp-content\/uploads\/2021\/04\/banner-dichiarazione-5x1000-1-1024x578.jpg\" alt=\"\" class=\"wp-image-3095\" srcset=\"https:\/\/fondazioneprogettoperlavita.it\/wp-content\/uploads\/2021\/04\/banner-dichiarazione-5x1000-1-1024x578.jpg 1024w, https:\/\/fondazioneprogettoperlavita.it\/wp-content\/uploads\/2021\/04\/banner-dichiarazione-5x1000-1-300x169.jpg 300w, https:\/\/fondazioneprogettoperlavita.it\/wp-content\/uploads\/2021\/04\/banner-dichiarazione-5x1000-1-768x434.jpg 768w, https:\/\/fondazioneprogettoperlavita.it\/wp-content\/uploads\/2021\/04\/banner-dichiarazione-5x1000-1-1536x868.jpg 1536w, https:\/\/fondazioneprogettoperlavita.it\/wp-content\/uploads\/2021\/04\/banner-dichiarazione-5x1000-1-2048x1157.jpg 2048w, https:\/\/fondazioneprogettoperlavita.it\/wp-content\/uploads\/2021\/04\/banner-dichiarazione-5x1000-1-900x508.jpg 900w, https:\/\/fondazioneprogettoperlavita.it\/wp-content\/uploads\/2021\/04\/banner-dichiarazione-5x1000-1-600x339.jpg 600w\" sizes=\"(max-width: 1024px) 100vw, 1024px\" \/><\/figure>\n<\/div>\n\n\n\n<div class=\"wp-block-column is-layout-flow wp-block-column-is-layout-flow\" style=\"flex-basis:33.33%\">\n<h6>&nbsp;<\/h6>\n<h2><span style=\"color: #2c74a7;\"><strong>Restiamo in contatto<\/strong><\/span><\/h2>\n\n\n<script>(function() {\n\twindow.mc4wp = window.mc4wp || {\n\t\tlisteners: [],\n\t\tforms: {\n\t\t\ton: function(evt, cb) {\n\t\t\t\twindow.mc4wp.listeners.push(\n\t\t\t\t\t{\n\t\t\t\t\t\tevent   : evt,\n\t\t\t\t\t\tcallback: cb\n\t\t\t\t\t}\n\t\t\t\t);\n\t\t\t}\n\t\t}\n\t}\n})();\n<\/script><!-- Mailchimp for WordPress v4.9.15 - https:\/\/wordpress.org\/plugins\/mailchimp-for-wp\/ --><form id=\"mc4wp-form-1\" class=\"mc4wp-form mc4wp-form-2581 mc4wp-form-theme mc4wp-form-theme-blue\" method=\"post\" data-id=\"2581\" data-name=\"\" ><div class=\"mc4wp-form-fields\"><p>\r\n    <label>\r\n    <input type=\"text\" name=\"FNAME\" placeholder=\"Nome\" required \/>\r\n<\/label>\r\n<\/p>\r\n<p>\r\n    <label>\r\n    <input type=\"text\" name=\"LNAME\" placeholder=\"Cognome\" required \/>\r\n<\/label>\r\n<\/p>\r\n<p>\r\n\t<label> \r\n\t\t<input type=\"email\" name=\"EMAIL\" placeholder=\"Il tuo indirizzo email\" required \/>\r\n<\/label>\r\n<\/p>\r\n<p>\r\n    <label>\r\n        <input name=\"AGREE_TO_TERMS\" type=\"checkbox\" value=\"1\" required=\"\">Ho letto e accetto i termini e le condizioni<\/label>\r\n<\/p>\r\n<p>\r\n\t<input type=\"submit\" value=\"Iscriviti alla Newsletter!\" \/>\r\n<\/p><\/div><label style=\"display: none !important;\">Lascia questo campo vuoto se sei umano: <input type=\"text\" name=\"_mc4wp_honeypot\" value=\"\" tabindex=\"-1\" autocomplete=\"off\" \/><\/label><input type=\"hidden\" name=\"_mc4wp_timestamp\" value=\"1778241673\" \/><input type=\"hidden\" name=\"_mc4wp_form_id\" value=\"2581\" \/><input type=\"hidden\" name=\"_mc4wp_form_element_id\" value=\"mc4wp-form-1\" \/><div class=\"mc4wp-response\"><\/div><\/form><!-- \/ Mailchimp for WordPress Plugin -->\n\n\n\n<p> <a href=\"https:\/\/fondazioneprogettoperlavita.it\/?page_id=3388\">Termini e condizioni<\/a> <\/p>\n<\/div>\n<\/div>\n","protected":false},"excerpt":{"rendered":"<p>&nbsp; SCEGLI COME SOSTENERE I NOSTRI PROGETTI &nbsp; DONA CON BONIFICO BANCARIO IBAN IT 40 Y 08509 23301 016009412098BANCA CENTRO EMILIA CREDITO COOPERATIVOVia F. D. Roosevelt, 38 &#8211; 41012 Carpi (MO) oppure IBAN: IT 18 D 02008 23313 000104318130BANCA UNICREDITVia Manzoni, 64 &#8211; 41012 Carpi (MO) &nbsp; DONA IL TUO 5&#215;1000 Aiuta la Fondazione donando [&hellip;]<\/p>\n","protected":false},"author":2,"featured_media":0,"parent":0,"menu_order":0,"comment_status":"closed","ping_status":"closed","template":"","meta":{"ngg_post_thumbnail":0,"footnotes":""},"class_list":["post-1094","page","type-page","status-publish","hentry"],"_links":{"self":[{"href":"https:\/\/fondazioneprogettoperlavita.it\/index.php?rest_route=\/wp\/v2\/pages\/1094"}],"collection":[{"href":"https:\/\/fondazioneprogettoperlavita.it\/index.php?rest_route=\/wp\/v2\/pages"}],"about":[{"href":"https:\/\/fondazioneprogettoperlavita.it\/index.php?rest_route=\/wp\/v2\/types\/page"}],"author":[{"embeddable":true,"href":"https:\/\/fondazioneprogettoperlavita.it\/index.php?rest_route=\/wp\/v2\/users\/2"}],"replies":[{"embeddable":true,"href":"https:\/\/fondazioneprogettoperlavita.it\/index.php?rest_route=%2Fwp%2Fv2%2Fcomments&post=1094"}],"version-history":[{"count":14,"href":"https:\/\/fondazioneprogettoperlavita.it\/index.php?rest_route=\/wp\/v2\/pages\/1094\/revisions"}],"predecessor-version":[{"id":3404,"href":"https:\/\/fondazioneprogettoperlavita.it\/index.php?rest_route=\/wp\/v2\/pages\/1094\/revisions\/3404"}],"wp:attachment":[{"href":"https:\/\/fondazioneprogettoperlavita.it\/index.php?rest_route=%2Fwp%2Fv2%2Fmedia&parent=1094"}],"curies":[{"name":"wp","href":"https:\/\/api.w.org\/{rel}","templated":true}]}}